{"id":21,"date":"2016-06-14T09:36:18","date_gmt":"2016-06-14T09:36:18","guid":{"rendered":"http:\/\/www.tramuntanaestudis.com\/?page_id=21"},"modified":"2019-10-23T14:11:28","modified_gmt":"2019-10-23T14:11:28","slug":"sala-de-gravacio","status":"publish","type":"page","link":"http:\/\/www.tramuntanaestudis.com\/es\/sala-de-gravacio\/","title":{"rendered":"SALA DE GRABACI\u00d3N"},"content":{"rendered":"<p><\/p>\n<p><img decoding=\"async\" class=\"\" src=\"http:\/\/www.tramuntanaestudis.com\/wp-content\/uploads\/2019\/10\/IMG_5894.jpg\" width=\"780\" height=\"315\" \/><\/p>\n<hr \/>\n<p style=\"text-align: justify;\"><img decoding=\"async\" class=\"alignright\" src=\"http:\/\/www.tramuntanaestudis.com\/wp-content\/uploads\/2017\/02\/1.7-e1486657040994.jpg\" width=\"250\" height=\"209\" \/>Para la sala de grabaci\u00f3n tenemos 30 m2 con una ac\u00fastica concretamente tratada con unos difusores dise\u00f1ados espec\u00edficamente para esta sala y unos paneles ac\u00fasticos absorbentes que nos dan la opci\u00f3n de crear c\u00e1maras ac\u00fasticas, seg\u00fan la respuesta del instrumento.<\/p>\n<p style=\"text-align: justify;\">Dise\u00f1ada para bandas, radiodifusi\u00f3n, doblaje, ensayos y donde tambi\u00e9n existe la opci\u00f3n de poder grabar un directo con banda.<\/p>\n<p style=\"text-align: justify;\">Ventana con entrada de luz solar y vistas al exterior para poder disfrutar de la naturaleza y la inspiraci\u00f3n durante la grabaci\u00f3n.<\/p>\n<div class=\"tw-ta-container tw-nfl\">\n<hr \/>\n<\/div>\n<p><style type=\"text\/css\">\r\n\t#foogallery-gallery-229_1 .fg-image {\r\n        width: 250px;\r\n    }\r\n<\/style>\r\n\t\t\t\t<div class=\"foogallery foogallery-container foogallery-default foogallery-lightbox-none fg-gutter-10 fg-center fg-default fg-light fg-loading-bars fg-loaded-fade-in fg-hover-grayscale fg-hover-fade fg-ready\" id=\"foogallery-gallery-229_1\" data-foogallery=\"{&quot;item&quot;:{&quot;showCaptionTitle&quot;:false,&quot;showCaptionDescription&quot;:false},&quot;lazy&quot;:true}\" >\r\n\t<div class=\"fg-item fg-type-image fg-idle\"><figure class=\"fg-item-inner\"><a href=\"http:\/\/www.tramuntanaestudis.com\/wp-content\/uploads\/2017\/02\/1.4-1.jpg\" data-attachment-id=\"498\" data-type=\"image\" class=\"fg-thumb\"><span class=\"fg-image-wrap\"><img decoding=\"async\" width=\"250\" height=\"350\" class=\"skip-lazy fg-image\" data-src-fg=\"http:\/\/www.tramuntanaestudis.com\/wp-content\/uploads\/cache\/2017\/02\/1_4-1\/2305089092.jpg\" src=\"data:image\/svg+xml,%3Csvg%20xmlns%3D%22http%3A%2F%2Fwww.w3.org%2F2000%2Fsvg%22%20width%3D%22250%22%20height%3D%22350%22%20viewBox%3D%220%200%20250%20350%22%3E%3C%2Fsvg%3E\" loading=\"eager\"><\/span><span class=\"fg-image-overlay\"><\/span><\/a><figcaption class=\"fg-caption\"><div class=\"fg-caption-inner\"><\/div><\/figcaption><\/figure><div class=\"fg-loader\"><\/div><\/div><div class=\"fg-item fg-type-image fg-idle\"><figure class=\"fg-item-inner\"><a href=\"http:\/\/www.tramuntanaestudis.com\/wp-content\/uploads\/2019\/10\/IMG_E5919.jpg\" data-attachment-id=\"744\" data-type=\"image\" class=\"fg-thumb\"><span class=\"fg-image-wrap\"><img decoding=\"async\" width=\"250\" height=\"350\" class=\"skip-lazy fg-image\" data-src-fg=\"http:\/\/www.tramuntanaestudis.com\/wp-content\/uploads\/cache\/2019\/10\/IMG_E5919\/355291950.jpg\" src=\"data:image\/svg+xml,%3Csvg%20xmlns%3D%22http%3A%2F%2Fwww.w3.org%2F2000%2Fsvg%22%20width%3D%22250%22%20height%3D%22350%22%20viewBox%3D%220%200%20250%20350%22%3E%3C%2Fsvg%3E\" loading=\"eager\"><\/span><span class=\"fg-image-overlay\"><\/span><\/a><figcaption class=\"fg-caption\"><div class=\"fg-caption-inner\"><\/div><\/figcaption><\/figure><div class=\"fg-loader\"><\/div><\/div><div class=\"fg-item fg-type-image fg-idle\"><figure class=\"fg-item-inner\"><a href=\"http:\/\/www.tramuntanaestudis.com\/wp-content\/uploads\/2019\/10\/IMG_E5912.jpg\" data-attachment-id=\"743\" data-type=\"image\" class=\"fg-thumb\"><span class=\"fg-image-wrap\"><img decoding=\"async\" width=\"250\" height=\"350\" class=\"skip-lazy fg-image\" data-src-fg=\"http:\/\/www.tramuntanaestudis.com\/wp-content\/uploads\/cache\/2019\/10\/IMG_E5912\/91093696.jpg\" src=\"data:image\/svg+xml,%3Csvg%20xmlns%3D%22http%3A%2F%2Fwww.w3.org%2F2000%2Fsvg%22%20width%3D%22250%22%20height%3D%22350%22%20viewBox%3D%220%200%20250%20350%22%3E%3C%2Fsvg%3E\" loading=\"eager\"><\/span><span class=\"fg-image-overlay\"><\/span><\/a><figcaption class=\"fg-caption\"><div class=\"fg-caption-inner\"><\/div><\/figcaption><\/figure><div class=\"fg-loader\"><\/div><\/div><\/div>\r\n<\/p>","protected":false},"excerpt":{"rendered":"<p>Para la sala de grabaci\u00f3n tenemos 30 m2 con una ac\u00fastica concretamente tratada con unos difusores dise\u00f1ados espec\u00edficamente para esta sala y unos paneles ac\u00fasticos absorbentes que nos dan la opci\u00f3n de crear c\u00e1maras ac\u00fasticas, seg\u00fan la respuesta del instrumento. Dise\u00f1ada para bandas, radiodifusi\u00f3n, doblaje, ensayos y donde tambi\u00e9n existe la opci\u00f3n de poder grabar un directo con banda. Ventana con entrada de luz solar y vistas al exterior para poder disfrutar de la naturaleza y la inspiraci\u00f3n durante la grabaci\u00f3n.<\/p>\n","protected":false},"author":1,"featured_media":0,"parent":0,"menu_order":0,"comment_status":"closed","ping_status":"closed","template":"","meta":{"footnotes":""},"class_list":["post-21","page","type-page","status-publish","hentry"],"_links":{"self":[{"href":"http:\/\/www.tramuntanaestudis.com\/es\/wp-json\/wp\/v2\/pages\/21","targetHints":{"allow":["GET"]}}],"collection":[{"href":"http:\/\/www.tramuntanaestudis.com\/es\/wp-json\/wp\/v2\/pages"}],"about":[{"href":"http:\/\/www.tramuntanaestudis.com\/es\/wp-json\/wp\/v2\/types\/page"}],"author":[{"embeddable":true,"href":"http:\/\/www.tramuntanaestudis.com\/es\/wp-json\/wp\/v2\/users\/1"}],"replies":[{"embeddable":true,"href":"http:\/\/www.tramuntanaestudis.com\/es\/wp-json\/wp\/v2\/comments?post=21"}],"version-history":[{"count":81,"href":"http:\/\/www.tramuntanaestudis.com\/es\/wp-json\/wp\/v2\/pages\/21\/revisions"}],"predecessor-version":[{"id":757,"href":"http:\/\/www.tramuntanaestudis.com\/es\/wp-json\/wp\/v2\/pages\/21\/revisions\/757"}],"wp:attachment":[{"href":"http:\/\/www.tramuntanaestudis.com\/es\/wp-json\/wp\/v2\/media?parent=21"}],"curies":[{"name":"wp","href":"https:\/\/api.w.org\/{rel}","templated":true}]}}