{"id":19,"date":"2016-06-14T09:36:00","date_gmt":"2016-06-14T09:36:00","guid":{"rendered":"http:\/\/www.tramuntanaestudis.com\/?page_id=19"},"modified":"2019-10-23T14:26:03","modified_gmt":"2019-10-23T14:26:03","slug":"control-room","status":"publish","type":"page","link":"http:\/\/www.tramuntanaestudis.com\/es\/control-room\/","title":{"rendered":"CONTROL ROOM"},"content":{"rendered":"<p><img decoding=\"async\" src=\"http:\/\/www.tramuntanaestudis.com\/wp-content\/uploads\/2017\/02\/4.jpg\" \/><\/p>\n<p><span style=\"font-family: 'Source Sans Pro', sans-serif; font-size: inherit;\"><img fetchpriority=\"high\" decoding=\"async\" class=\"wp-image-250 alignleft\" src=\"http:\/\/www.tramuntanaestudis.com\/wp-content\/uploads\/2016\/06\/TAULA1-1-1.jpg\" alt=\"TAULA1-1\" width=\"426\" height=\"270\" srcset=\"http:\/\/www.tramuntanaestudis.com\/wp-content\/uploads\/2016\/06\/TAULA1-1-1.jpg 4448w, http:\/\/www.tramuntanaestudis.com\/wp-content\/uploads\/2016\/06\/TAULA1-1-1-300x190.jpg 300w, http:\/\/www.tramuntanaestudis.com\/wp-content\/uploads\/2016\/06\/TAULA1-1-1-768x488.jpg 768w, http:\/\/www.tramuntanaestudis.com\/wp-content\/uploads\/2016\/06\/TAULA1-1-1-1024x650.jpg 1024w, http:\/\/www.tramuntanaestudis.com\/wp-content\/uploads\/2016\/06\/TAULA1-1-1-830x527.jpg 830w, http:\/\/www.tramuntanaestudis.com\/wp-content\/uploads\/2016\/06\/TAULA1-1-1-230x146.jpg 230w, http:\/\/www.tramuntanaestudis.com\/wp-content\/uploads\/2016\/06\/TAULA1-1-1-350x222.jpg 350w, http:\/\/www.tramuntanaestudis.com\/wp-content\/uploads\/2016\/06\/TAULA1-1-1-480x305.jpg 480w\" sizes=\"(max-width: 426px) 100vw, 426px\" \/>La sala de control ocupa un espacio de 25 m2 con un dise\u00f1o de ac\u00fastica tratada y controlada. Est\u00e1 comunicada con la sala de grabaci\u00f3n a trav\u00e9s de un amplio visor que tambi\u00e9n permite el acceso. La sala tiene como servicios la Control 24 con sistema Pro Tools junto con el conversor Antelope Orion de 32 canales IN \/ OUT, incluye los previos de v\u00e1lvulas ST VTB-1 m\u00e1s 16 previos de la marca FOCUSRITE y con un sistema de monitorizaci\u00f3n como son los Tannoy Reveal 6.<\/span><\/p>\n<p style=\"text-align: justify;\">Para trabajar con una m\u00e1xima comodidad, con luz solar y sof\u00e1.<\/p>\n<hr \/>\n<p><style type=\"text\/css\">\r\n\t#foogallery-gallery-249_1 .fg-image {\r\n        width: 250px;\r\n    }\r\n<\/style>\r\n\t\t\t\t<div class=\"foogallery foogallery-container foogallery-default foogallery-lightbox-none fg-gutter-10 fg-center fg-default fg-light fg-loading-bars fg-loaded-fade-in fg-hover-grayscale fg-hover-fade fg-ready\" id=\"foogallery-gallery-249_1\" data-foogallery=\"{&quot;item&quot;:{&quot;showCaptionTitle&quot;:false,&quot;showCaptionDescription&quot;:false},&quot;lazy&quot;:true}\" >\r\n\t<div class=\"fg-item fg-type-image fg-idle\"><figure class=\"fg-item-inner\"><a href=\"http:\/\/www.tramuntanaestudis.com\/wp-content\/uploads\/2016\/06\/DSC_0165-1.jpg\" data-attachment-id=\"247\" data-type=\"image\" class=\"fg-thumb\"><span class=\"fg-image-wrap\"><img decoding=\"async\" width=\"250\" height=\"350\" class=\"skip-lazy fg-image\" data-src-fg=\"http:\/\/www.tramuntanaestudis.com\/wp-content\/uploads\/cache\/2016\/06\/DSC_0165-1\/2068306601.jpg\" src=\"data:image\/svg+xml,%3Csvg%20xmlns%3D%22http%3A%2F%2Fwww.w3.org%2F2000%2Fsvg%22%20width%3D%22250%22%20height%3D%22350%22%20viewBox%3D%220%200%20250%20350%22%3E%3C%2Fsvg%3E\" loading=\"eager\"><\/span><span class=\"fg-image-overlay\"><\/span><\/a><figcaption class=\"fg-caption\"><div class=\"fg-caption-inner\"><\/div><\/figcaption><\/figure><div class=\"fg-loader\"><\/div><\/div><div class=\"fg-item fg-type-image fg-idle\"><figure class=\"fg-item-inner\"><a href=\"http:\/\/www.tramuntanaestudis.com\/wp-content\/uploads\/2016\/06\/11.jpg\" data-attachment-id=\"241\" data-type=\"image\" class=\"fg-thumb\"><span class=\"fg-image-wrap\"><img decoding=\"async\" width=\"250\" height=\"350\" class=\"skip-lazy fg-image\" data-src-fg=\"http:\/\/www.tramuntanaestudis.com\/wp-content\/uploads\/cache\/2016\/06\/11\/1800406872.jpg\" src=\"data:image\/svg+xml,%3Csvg%20xmlns%3D%22http%3A%2F%2Fwww.w3.org%2F2000%2Fsvg%22%20width%3D%22250%22%20height%3D%22350%22%20viewBox%3D%220%200%20250%20350%22%3E%3C%2Fsvg%3E\" loading=\"eager\"><\/span><span class=\"fg-image-overlay\"><\/span><\/a><figcaption class=\"fg-caption\"><div class=\"fg-caption-inner\"><\/div><\/figcaption><\/figure><div class=\"fg-loader\"><\/div><\/div><div class=\"fg-item fg-type-image fg-idle\"><figure class=\"fg-item-inner\"><a href=\"http:\/\/www.tramuntanaestudis.com\/wp-content\/uploads\/2019\/10\/IMG_E5910.jpg\" data-attachment-id=\"741\" data-type=\"image\" class=\"fg-thumb\"><span class=\"fg-image-wrap\"><img decoding=\"async\" width=\"250\" height=\"350\" class=\"skip-lazy fg-image\" data-src-fg=\"http:\/\/www.tramuntanaestudis.com\/wp-content\/uploads\/cache\/2019\/10\/IMG_E5910\/409305285.jpg\" src=\"data:image\/svg+xml,%3Csvg%20xmlns%3D%22http%3A%2F%2Fwww.w3.org%2F2000%2Fsvg%22%20width%3D%22250%22%20height%3D%22350%22%20viewBox%3D%220%200%20250%20350%22%3E%3C%2Fsvg%3E\" loading=\"eager\"><\/span><span class=\"fg-image-overlay\"><\/span><\/a><figcaption class=\"fg-caption\"><div class=\"fg-caption-inner\"><\/div><\/figcaption><\/figure><div class=\"fg-loader\"><\/div><\/div><\/div>\r\n<img decoding=\"async\" src=\"http:\/\/www.tramuntanaestudis.com\/wp-content\/uploads\/2017\/02\/4.jpg\" \/><\/p>\n<p><img fetchpriority=\"high\" decoding=\"async\" class=\"wp-image-250 alignleft\" src=\"http:\/\/www.tramuntanaestudis.com\/wp-content\/uploads\/2016\/06\/TAULA1-1-1.jpg\" alt=\"TAULA1-1\" width=\"426\" height=\"270\" srcset=\"http:\/\/www.tramuntanaestudis.com\/wp-content\/uploads\/2016\/06\/TAULA1-1-1.jpg 4448w, http:\/\/www.tramuntanaestudis.com\/wp-content\/uploads\/2016\/06\/TAULA1-1-1-300x190.jpg 300w, http:\/\/www.tramuntanaestudis.com\/wp-content\/uploads\/2016\/06\/TAULA1-1-1-768x488.jpg 768w, http:\/\/www.tramuntanaestudis.com\/wp-content\/uploads\/2016\/06\/TAULA1-1-1-1024x650.jpg 1024w, http:\/\/www.tramuntanaestudis.com\/wp-content\/uploads\/2016\/06\/TAULA1-1-1-830x527.jpg 830w, http:\/\/www.tramuntanaestudis.com\/wp-content\/uploads\/2016\/06\/TAULA1-1-1-230x146.jpg 230w, http:\/\/www.tramuntanaestudis.com\/wp-content\/uploads\/2016\/06\/TAULA1-1-1-350x222.jpg 350w, http:\/\/www.tramuntanaestudis.com\/wp-content\/uploads\/2016\/06\/TAULA1-1-1-480x305.jpg 480w\" sizes=\"(max-width: 426px) 100vw, 426px\" \/><\/p>\n<p style=\"text-align: justify;\"><span style=\"font-size: small;\"><span style=\"font-family: Arial, serif;\">The control room takes up 25m\u00b2 and has an optimal acoustic design. The room communicates with the recording room trough an acoustic display which also allows the access to it. In addition, it has at your disposal the <\/span><span style=\"font-family: Arial, serif;\"><i>Control 24<\/i><\/span><span style=\"font-family: Arial, serif;\"> with <\/span><span style=\"font-family: Arial, serif;\"><i>Pro Tools <\/i><\/span><span style=\"font-family: Arial, serif;\">system together with the converter <\/span><span style=\"font-family: Arial, serif;\"><i>Antelope Orion <\/i><\/span><span style=\"font-family: Arial, serif;\">of 32 channels IN\/OUT. It includes the preamp valves <\/span><span style=\"font-family: Arial, serif;\"><i>ST VTB-1<\/i><\/span><span style=\"font-family: Arial, serif;\"> plus 16 preamps of the branch <\/span><span style=\"font-family: Arial, serif;\"><i>Focusrite. <\/i><\/span><span style=\"font-family: Arial, serif;\">It also has the monitoring system <\/span><span style=\"font-family: Arial, serif;\"><i>Tannoy Reveal 6<\/i><\/span><span style=\"font-family: Arial, serif;\">. <\/span><\/span><span style=\"font-size: small;\"><span style=\"font-family: Arial, serif;\">Natural sunlight and a sofa provide comfort while working.<\/span><\/span><\/p>\n<hr \/>\n<p><style type=\"text\/css\">\r\n\t#foogallery-gallery-249_2 .fg-image {\r\n        width: 250px;\r\n    }\r\n<\/style>\r\n\t\t\t\t<div class=\"foogallery foogallery-container foogallery-default foogallery-lightbox-none fg-gutter-10 fg-center fg-default fg-light fg-loading-bars fg-loaded-fade-in fg-hover-grayscale fg-hover-fade fg-ready\" id=\"foogallery-gallery-249_2\" data-foogallery=\"{&quot;item&quot;:{&quot;showCaptionTitle&quot;:false,&quot;showCaptionDescription&quot;:false},&quot;lazy&quot;:true}\" >\r\n\t<div class=\"fg-item fg-type-image fg-idle\"><figure class=\"fg-item-inner\"><a href=\"http:\/\/www.tramuntanaestudis.com\/wp-content\/uploads\/2016\/06\/DSC_0165-1.jpg\" data-attachment-id=\"247\" data-type=\"image\" class=\"fg-thumb\"><span class=\"fg-image-wrap\"><img decoding=\"async\" width=\"250\" height=\"350\" class=\"skip-lazy fg-image\" data-src-fg=\"http:\/\/www.tramuntanaestudis.com\/wp-content\/uploads\/cache\/2016\/06\/DSC_0165-1\/2068306601.jpg\" src=\"data:image\/svg+xml,%3Csvg%20xmlns%3D%22http%3A%2F%2Fwww.w3.org%2F2000%2Fsvg%22%20width%3D%22250%22%20height%3D%22350%22%20viewBox%3D%220%200%20250%20350%22%3E%3C%2Fsvg%3E\" loading=\"eager\"><\/span><span class=\"fg-image-overlay\"><\/span><\/a><figcaption class=\"fg-caption\"><div class=\"fg-caption-inner\"><\/div><\/figcaption><\/figure><div class=\"fg-loader\"><\/div><\/div><div class=\"fg-item fg-type-image fg-idle\"><figure class=\"fg-item-inner\"><a href=\"http:\/\/www.tramuntanaestudis.com\/wp-content\/uploads\/2016\/06\/11.jpg\" data-attachment-id=\"241\" data-type=\"image\" class=\"fg-thumb\"><span class=\"fg-image-wrap\"><img decoding=\"async\" width=\"250\" height=\"350\" class=\"skip-lazy fg-image\" data-src-fg=\"http:\/\/www.tramuntanaestudis.com\/wp-content\/uploads\/cache\/2016\/06\/11\/1800406872.jpg\" src=\"data:image\/svg+xml,%3Csvg%20xmlns%3D%22http%3A%2F%2Fwww.w3.org%2F2000%2Fsvg%22%20width%3D%22250%22%20height%3D%22350%22%20viewBox%3D%220%200%20250%20350%22%3E%3C%2Fsvg%3E\" loading=\"eager\"><\/span><span class=\"fg-image-overlay\"><\/span><\/a><figcaption class=\"fg-caption\"><div class=\"fg-caption-inner\"><\/div><\/figcaption><\/figure><div class=\"fg-loader\"><\/div><\/div><div class=\"fg-item fg-type-image fg-idle\"><figure class=\"fg-item-inner\"><a href=\"http:\/\/www.tramuntanaestudis.com\/wp-content\/uploads\/2019\/10\/IMG_E5910.jpg\" data-attachment-id=\"741\" data-type=\"image\" class=\"fg-thumb\"><span class=\"fg-image-wrap\"><img decoding=\"async\" width=\"250\" height=\"350\" class=\"skip-lazy fg-image\" data-src-fg=\"http:\/\/www.tramuntanaestudis.com\/wp-content\/uploads\/cache\/2019\/10\/IMG_E5910\/409305285.jpg\" src=\"data:image\/svg+xml,%3Csvg%20xmlns%3D%22http%3A%2F%2Fwww.w3.org%2F2000%2Fsvg%22%20width%3D%22250%22%20height%3D%22350%22%20viewBox%3D%220%200%20250%20350%22%3E%3C%2Fsvg%3E\" loading=\"eager\"><\/span><span class=\"fg-image-overlay\"><\/span><\/a><figcaption class=\"fg-caption\"><div class=\"fg-caption-inner\"><\/div><\/figcaption><\/figure><div class=\"fg-loader\"><\/div><\/div><\/div>\r\n<\/p>","protected":false},"excerpt":{"rendered":"<p>La sala de control ocupa un espacio de 25 m2 con un dise\u00f1o de ac\u00fastica tratada y controlada. Est\u00e1 comunicada con la sala de grabaci\u00f3n a trav\u00e9s de un amplio visor que tambi\u00e9n permite el acceso. La sala tiene como servicios la Control 24 con sistema Pro Tools junto con el conversor Antelope Orion de 32 canales IN \/ OUT, incluye los previos de v\u00e1lvulas ST VTB-1 m\u00e1s 16 previos de la marca FOCUSRITE y con un sistema de monitorizaci\u00f3n como son los Tannoy Reveal 6. Para trabajar con una m\u00e1xima comodidad, con luz solar y sof\u00e1. The control room takes up 25m\u00b2 and has an optimal acoustic design. The room communicates with the recording room trough an acoustic display which also allows the access to it. In addition, it has at your disposal the Control 24 with Pro Tools system together with the converter Antelope Orion of 32 channels IN\/OUT. It includes the preamp valves ST VTB-1 plus 16 preamps of the branch Focusrite. It also has the monitoring system Tannoy Reveal 6. Natural sunlight and a sofa provide comfort while working.<\/p>\n","protected":false},"author":1,"featured_media":0,"parent":0,"menu_order":0,"comment_status":"closed","ping_status":"closed","template":"","meta":{"footnotes":""},"class_list":["post-19","page","type-page","status-publish","hentry"],"_links":{"self":[{"href":"http:\/\/www.tramuntanaestudis.com\/es\/wp-json\/wp\/v2\/pages\/19","targetHints":{"allow":["GET"]}}],"collection":[{"href":"http:\/\/www.tramuntanaestudis.com\/es\/wp-json\/wp\/v2\/pages"}],"about":[{"href":"http:\/\/www.tramuntanaestudis.com\/es\/wp-json\/wp\/v2\/types\/page"}],"author":[{"embeddable":true,"href":"http:\/\/www.tramuntanaestudis.com\/es\/wp-json\/wp\/v2\/users\/1"}],"replies":[{"embeddable":true,"href":"http:\/\/www.tramuntanaestudis.com\/es\/wp-json\/wp\/v2\/comments?post=19"}],"version-history":[{"count":41,"href":"http:\/\/www.tramuntanaestudis.com\/es\/wp-json\/wp\/v2\/pages\/19\/revisions"}],"predecessor-version":[{"id":764,"href":"http:\/\/www.tramuntanaestudis.com\/es\/wp-json\/wp\/v2\/pages\/19\/revisions\/764"}],"wp:attachment":[{"href":"http:\/\/www.tramuntanaestudis.com\/es\/wp-json\/wp\/v2\/media?parent=19"}],"curies":[{"name":"wp","href":"https:\/\/api.w.org\/{rel}","templated":true}]}}